{"id":5952,"date":"2025-08-28T08:38:45","date_gmt":"2025-08-28T06:38:45","guid":{"rendered":"https:\/\/jc-advisory.lu\/mentions-legales\/"},"modified":"2025-10-02T13:58:05","modified_gmt":"2025-10-02T11:58:05","slug":"mentions-legales","status":"publish","type":"page","link":"https:\/\/jc-advisory.lu\/fr\/mentions-legales\/","title":{"rendered":"Mentions l\u00e9gales"},"content":{"rendered":"\t\t<div data-elementor-type=\"wp-page\" data-elementor-id=\"5952\" class=\"elementor elementor-5952 elementor-5687\">\n\t\t\t\t<div class=\"elementor-element elementor-element-726e444 e-flex e-con-boxed e-con e-parent\" data-id=\"726e444\" data-element_type=\"container\" data-e-type=\"container\">\r\n\t\t\t\t\t<div class=\"e-con-inner\">\r\n\t\t\t\t<div class=\"elementor-element elementor-element-4040506 elementor-widget elementor-widget-text-editor\" data-id=\"4040506\" data-element_type=\"widget\" data-e-type=\"widget\" data-widget_type=\"text-editor.default\">\n\t\t\t\t\t\t\t\t\t<p data-start=\"282\" data-end=\"687\">Le site web <a class=\"decorated-link\" href=\"https:\/\/jc-advisory.lu\/?utm_source=chatgpt.com\" target=\"_new\" rel=\"noopener\" data-start=\"294\" data-end=\"316\">https:\/\/jc-advisory.lu<\/a> est \u00e9dit\u00e9 par <strong data-start=\"333\" data-end=\"357\">JC Advisory S.\u00e0 r.l.<\/strong>, une soci\u00e9t\u00e9 luxembourgeoise enregistr\u00e9e au Registre de Commerce et des Soci\u00e9t\u00e9s de Luxembourg sous le num\u00e9ro <strong>B280771<\/strong>. Son si\u00e8ge social est situ\u00e9 \u00e0 l&rsquo;adresse suivante :<br data-start=\"555\" data-end=\"558\">\n  <strong data-start=\"558\" data-end=\"612\">89B, Parc d&rsquo;Activit\u00e9s Capellen, L-8308 Capellen, Luxembourg<\/strong>\n  <br data-start=\"612\" data-end=\"615\">Pour toute demande, vous pouvez nous contacter par e-mail : <a class=\"decorated-link cursor-pointer\" rel=\"noopener\" data-start=\"666\" data-end=\"685\">info@jc-advisory.lu<\/a>\n<\/p><hr data-start=\"689\" data-end=\"692\"><h4 data-start=\"694\" data-end=\"714\"><strong data-start=\"698\" data-end=\"714\">Conditions d\u2019utilisation<\/strong><\/h4><p data-start=\"716\" data-end=\"927\">En acc\u00e9dant \u00e0 ce site ou en l\u2019utilisant, vous acceptez d\u2019\u00eatre l\u00e9galement li\u00e9 par les pr\u00e9sentes conditions g\u00e9n\u00e9rales, applicables d\u00e8s votre premi\u00e8re visite. Si vous n\u2019acceptez pas l\u2019une de ces conditions, veuillez ne pas utiliser ce site. <\/p><p data-start=\"929\" data-end=\"1118\">JC Advisory peut mettre \u00e0 jour ces conditions \u00e0 tout moment. La poursuite de l\u2019utilisation du site apr\u00e8s modification implique l\u2019acceptation de ces conditions r\u00e9vis\u00e9es. Nous vous recommandons de les consulter r\u00e9guli\u00e8rement.  <\/p><hr data-start=\"1120\" data-end=\"1123\"><h4 data-start=\"1125\" data-end=\"1143\"><strong data-start=\"1129\" data-end=\"1143\">Clause de non-responsabilit\u00e9<\/strong><\/h4><p data-start=\"1145\" data-end=\"1369\">Les services et contenus pr\u00e9sent\u00e9s sur ce site sont fournis \u00e0 titre purement informatif et refl\u00e8tent les activit\u00e9s de conseil g\u00e9n\u00e9ral de JC Advisory S.\u00e0 r.l.<\/p><p data-start=\"1371\" data-end=\"1627\">Ils ne constituent en aucun cas des conseils juridiques, fiscaux, comptables ou en investissement.<br>Malgr\u00e9 tous les efforts pour assurer l&rsquo;exactitude des informations publi\u00e9es, JC Advisory ne garantit pas que l\u2019ensemble du contenu soit complet ou \u00e0 jour. Toute d\u00e9cision fond\u00e9e sur ces informations doit \u00eatre prise en concertation avec des professionnels qualifi\u00e9s. <\/p><p data-start=\"1629\" data-end=\"1763\">JC Advisory S.\u00e0 r.l. d\u00e9cline toute responsabilit\u00e9 en cas de perte ou dommage r\u00e9sultant de l&rsquo;utilisation des informations figurant sur ce site.<\/p><hr data-start=\"1765\" data-end=\"1768\"><h4 data-start=\"1770\" data-end=\"1787\"><strong data-start=\"1774\" data-end=\"1787\">Droits d\u2019auteur<\/strong><\/h4><p data-start=\"1789\" data-end=\"2131\">L\u2019ensemble du contenu de ce site est la propri\u00e9t\u00e9 intellectuelle de JC Advisory S.\u00e0 r.l., sauf mention contraire.<br data-start=\"1895\" data-end=\"1898\">Vous \u00eates autoris\u00e9 \u00e0 t\u00e9l\u00e9charger ou imprimer le contenu \u00e0 des fins personnelles ou professionnelles internes uniquement. Toute reproduction, distribution, transmission ou modification \u00e0 des fins commerciales ou publiques est strictement interdite sans autorisation \u00e9crite pr\u00e9alable. <\/p><hr data-start=\"2133\" data-end=\"2136\"><h4 data-start=\"2138\" data-end=\"2174\"><strong data-start=\"2142\" data-end=\"2174\">Droit applicable et juridiction comp\u00e9tente<\/strong><\/h4><p data-start=\"2176\" data-end=\"2378\">Les pr\u00e9sentes conditions l\u00e9gales sont r\u00e9gies par le droit du Grand-Duch\u00e9 de Luxembourg.<br data-start=\"2252\" data-end=\"2255\">Tout litige relatif \u00e0 l\u2019utilisation de ce site internet rel\u00e8ve de la comp\u00e9tence exclusive des tribunaux luxembourgeois.<\/p>\t\t\t\t\t\t\t\t<\/div>\n\t\t\t\t\t<\/div>\n\t\t\t\t<\/div>\n\t\t\t\t<\/div>\n\t\t","protected":false},"excerpt":{"rendered":"<p>Le site web https:\/\/jc-advisory.lu est \u00e9dit\u00e9 par JC Advisory S.\u00e0 r.l., une soci\u00e9t\u00e9 luxembourgeoise enregistr\u00e9e au Registre de Commerce et des Soci\u00e9t\u00e9s de Luxembourg sous le num\u00e9ro B280771. Son si\u00e8ge social est situ\u00e9 \u00e0 l&rsquo;adresse suivante : 89B, Parc d&rsquo;Activit\u00e9s Capellen, L-8308 Capellen, Luxembourg Pour toute demande, vous pouvez nous contacter par e-mail : info@jc-advisory.lu [&hellip;]<\/p>\n","protected":false},"author":1,"featured_media":0,"parent":0,"menu_order":0,"comment_status":"closed","ping_status":"closed","template":"","meta":{"_acf_changed":false,"footnotes":""},"class_list":["post-5952","page","type-page","status-publish","hentry"],"acf":[],"yoast_head":"<!-- This site is optimized with the Yoast SEO plugin v27.5 - https:\/\/yoast.com\/product\/yoast-seo-wordpress\/ -->\n<title>Mentions l\u00e9gales - JC Advisory<\/title>\n<meta name=\"robots\" content=\"noindex, nofollow\" \/>\n<meta property=\"og:locale\" content=\"fr_FR\" \/>\n<meta property=\"og:type\" content=\"article\" \/>\n<meta property=\"og:title\" content=\"Mentions l\u00e9gales - JC Advisory\" \/>\n<meta property=\"og:description\" content=\"Le site web https:\/\/jc-advisory.lu est \u00e9dit\u00e9 par JC Advisory S.\u00e0 r.l., une soci\u00e9t\u00e9 luxembourgeoise enregistr\u00e9e au Registre de Commerce et des Soci\u00e9t\u00e9s de Luxembourg sous le num\u00e9ro B280771. Son si\u00e8ge social est situ\u00e9 \u00e0 l&rsquo;adresse suivante : 89B, Parc d&rsquo;Activit\u00e9s Capellen, L-8308 Capellen, Luxembourg Pour toute demande, vous pouvez nous contacter par e-mail : info@jc-advisory.lu [&hellip;]\" \/>\n<meta property=\"og:url\" content=\"https:\/\/jc-advisory.lu\/fr\/mentions-legales\/\" \/>\n<meta property=\"og:site_name\" content=\"JC Advisory\" \/>\n<meta property=\"article:modified_time\" content=\"2025-10-02T11:58:05+00:00\" \/>\n<meta name=\"twitter:card\" content=\"summary_large_image\" \/>\n<meta name=\"twitter:label1\" content=\"Dur\u00e9e de lecture estim\u00e9e\" \/>\n\t<meta name=\"twitter:data1\" content=\"2 minutes\" \/>\n<script type=\"application\/ld+json\" class=\"yoast-schema-graph\">{\"@context\":\"https:\\\/\\\/schema.org\",\"@graph\":[{\"@type\":\"WebPage\",\"@id\":\"https:\\\/\\\/jc-advisory.lu\\\/fr\\\/mentions-legales\\\/\",\"url\":\"https:\\\/\\\/jc-advisory.lu\\\/fr\\\/mentions-legales\\\/\",\"name\":\"Mentions l\u00e9gales - JC Advisory\",\"isPartOf\":{\"@id\":\"https:\\\/\\\/jc-advisory.lu\\\/fr\\\/#website\"},\"datePublished\":\"2025-08-28T06:38:45+00:00\",\"dateModified\":\"2025-10-02T11:58:05+00:00\",\"breadcrumb\":{\"@id\":\"https:\\\/\\\/jc-advisory.lu\\\/fr\\\/mentions-legales\\\/#breadcrumb\"},\"inLanguage\":\"fr-FR\",\"potentialAction\":[{\"@type\":\"ReadAction\",\"target\":[\"https:\\\/\\\/jc-advisory.lu\\\/fr\\\/mentions-legales\\\/\"]}]},{\"@type\":\"BreadcrumbList\",\"@id\":\"https:\\\/\\\/jc-advisory.lu\\\/fr\\\/mentions-legales\\\/#breadcrumb\",\"itemListElement\":[{\"@type\":\"ListItem\",\"position\":1,\"name\":\"Home\",\"item\":\"https:\\\/\\\/jc-advisory.lu\\\/fr\\\/accueil\\\/\"},{\"@type\":\"ListItem\",\"position\":2,\"name\":\"Mentions l\u00e9gales\"}]},{\"@type\":\"WebSite\",\"@id\":\"https:\\\/\\\/jc-advisory.lu\\\/fr\\\/#website\",\"url\":\"https:\\\/\\\/jc-advisory.lu\\\/fr\\\/\",\"name\":\"JC Advisory\",\"description\":\"Providing services to the banking, insurance, investment fund industries and financial markets\",\"publisher\":{\"@id\":\"https:\\\/\\\/jc-advisory.lu\\\/fr\\\/#organization\"},\"potentialAction\":[{\"@type\":\"SearchAction\",\"target\":{\"@type\":\"EntryPoint\",\"urlTemplate\":\"https:\\\/\\\/jc-advisory.lu\\\/fr\\\/?s={search_term_string}\"},\"query-input\":{\"@type\":\"PropertyValueSpecification\",\"valueRequired\":true,\"valueName\":\"search_term_string\"}}],\"inLanguage\":\"fr-FR\"},{\"@type\":\"Organization\",\"@id\":\"https:\\\/\\\/jc-advisory.lu\\\/fr\\\/#organization\",\"name\":\"JC Advisory\",\"url\":\"https:\\\/\\\/jc-advisory.lu\\\/fr\\\/\",\"logo\":{\"@type\":\"ImageObject\",\"inLanguage\":\"fr-FR\",\"@id\":\"https:\\\/\\\/jc-advisory.lu\\\/fr\\\/#\\\/schema\\\/logo\\\/image\\\/\",\"url\":\"https:\\\/\\\/jc-advisory.lu\\\/wp-content\\\/uploads\\\/2025\\\/07\\\/Logo-JC-Advisory-e1751372963763_lwsoptimized.webp\",\"contentUrl\":\"https:\\\/\\\/jc-advisory.lu\\\/wp-content\\\/uploads\\\/2025\\\/07\\\/Logo-JC-Advisory-e1751372963763_lwsoptimized.webp\",\"width\":1083,\"height\":800,\"caption\":\"JC Advisory\"},\"image\":{\"@id\":\"https:\\\/\\\/jc-advisory.lu\\\/fr\\\/#\\\/schema\\\/logo\\\/image\\\/\"},\"sameAs\":[\"https:\\\/\\\/www.linkedin.com\\\/company\\\/jcadvisorylu\\\/\"]}]}<\/script>\n<!-- \/ Yoast SEO plugin. -->","yoast_head_json":{"title":"Mentions l\u00e9gales - JC Advisory","robots":{"index":"noindex","follow":"nofollow"},"og_locale":"fr_FR","og_type":"article","og_title":"Mentions l\u00e9gales - JC Advisory","og_description":"Le site web https:\/\/jc-advisory.lu est \u00e9dit\u00e9 par JC Advisory S.\u00e0 r.l., une soci\u00e9t\u00e9 luxembourgeoise enregistr\u00e9e au Registre de Commerce et des Soci\u00e9t\u00e9s de Luxembourg sous le num\u00e9ro B280771. Son si\u00e8ge social est situ\u00e9 \u00e0 l&rsquo;adresse suivante : 89B, Parc d&rsquo;Activit\u00e9s Capellen, L-8308 Capellen, Luxembourg Pour toute demande, vous pouvez nous contacter par e-mail : info@jc-advisory.lu [&hellip;]","og_url":"https:\/\/jc-advisory.lu\/fr\/mentions-legales\/","og_site_name":"JC Advisory","article_modified_time":"2025-10-02T11:58:05+00:00","twitter_card":"summary_large_image","twitter_misc":{"Dur\u00e9e de lecture estim\u00e9e":"2 minutes"},"schema":{"@context":"https:\/\/schema.org","@graph":[{"@type":"WebPage","@id":"https:\/\/jc-advisory.lu\/fr\/mentions-legales\/","url":"https:\/\/jc-advisory.lu\/fr\/mentions-legales\/","name":"Mentions l\u00e9gales - JC Advisory","isPartOf":{"@id":"https:\/\/jc-advisory.lu\/fr\/#website"},"datePublished":"2025-08-28T06:38:45+00:00","dateModified":"2025-10-02T11:58:05+00:00","breadcrumb":{"@id":"https:\/\/jc-advisory.lu\/fr\/mentions-legales\/#breadcrumb"},"inLanguage":"fr-FR","potentialAction":[{"@type":"ReadAction","target":["https:\/\/jc-advisory.lu\/fr\/mentions-legales\/"]}]},{"@type":"BreadcrumbList","@id":"https:\/\/jc-advisory.lu\/fr\/mentions-legales\/#breadcrumb","itemListElement":[{"@type":"ListItem","position":1,"name":"Home","item":"https:\/\/jc-advisory.lu\/fr\/accueil\/"},{"@type":"ListItem","position":2,"name":"Mentions l\u00e9gales"}]},{"@type":"WebSite","@id":"https:\/\/jc-advisory.lu\/fr\/#website","url":"https:\/\/jc-advisory.lu\/fr\/","name":"JC Advisory","description":"Providing services to the banking, insurance, investment fund industries and financial markets","publisher":{"@id":"https:\/\/jc-advisory.lu\/fr\/#organization"},"potentialAction":[{"@type":"SearchAction","target":{"@type":"EntryPoint","urlTemplate":"https:\/\/jc-advisory.lu\/fr\/?s={search_term_string}"},"query-input":{"@type":"PropertyValueSpecification","valueRequired":true,"valueName":"search_term_string"}}],"inLanguage":"fr-FR"},{"@type":"Organization","@id":"https:\/\/jc-advisory.lu\/fr\/#organization","name":"JC Advisory","url":"https:\/\/jc-advisory.lu\/fr\/","logo":{"@type":"ImageObject","inLanguage":"fr-FR","@id":"https:\/\/jc-advisory.lu\/fr\/#\/schema\/logo\/image\/","url":"https:\/\/jc-advisory.lu\/wp-content\/uploads\/2025\/07\/Logo-JC-Advisory-e1751372963763_lwsoptimized.webp","contentUrl":"https:\/\/jc-advisory.lu\/wp-content\/uploads\/2025\/07\/Logo-JC-Advisory-e1751372963763_lwsoptimized.webp","width":1083,"height":800,"caption":"JC Advisory"},"image":{"@id":"https:\/\/jc-advisory.lu\/fr\/#\/schema\/logo\/image\/"},"sameAs":["https:\/\/www.linkedin.com\/company\/jcadvisorylu\/"]}]}},"_links":{"self":[{"href":"https:\/\/jc-advisory.lu\/fr\/wp-json\/wp\/v2\/pages\/5952","targetHints":{"allow":["GET"]}}],"collection":[{"href":"https:\/\/jc-advisory.lu\/fr\/wp-json\/wp\/v2\/pages"}],"about":[{"href":"https:\/\/jc-advisory.lu\/fr\/wp-json\/wp\/v2\/types\/page"}],"author":[{"embeddable":true,"href":"https:\/\/jc-advisory.lu\/fr\/wp-json\/wp\/v2\/users\/1"}],"replies":[{"embeddable":true,"href":"https:\/\/jc-advisory.lu\/fr\/wp-json\/wp\/v2\/comments?post=5952"}],"version-history":[{"count":0,"href":"https:\/\/jc-advisory.lu\/fr\/wp-json\/wp\/v2\/pages\/5952\/revisions"}],"wp:attachment":[{"href":"https:\/\/jc-advisory.lu\/fr\/wp-json\/wp\/v2\/media?parent=5952"}],"curies":[{"name":"wp","href":"https:\/\/api.w.org\/{rel}","templated":true}]}}